{"id":591,"date":"2025-03-26T16:24:00","date_gmt":"2025-03-26T15:24:00","guid":{"rendered":"https:\/\/slategrey-dolphin-621946.hostingersite.com\/?page_id=591"},"modified":"2026-03-20T12:41:34","modified_gmt":"2026-03-20T11:41:34","slug":"career","status":"publish","type":"page","link":"https:\/\/temp.en-impedanz.de\/en\/unternehmen\/karriere\/","title":{"rendered":"Career"},"content":{"rendered":"<div data-elementor-type=\"wp-page\" data-elementor-id=\"591\" class=\"elementor elementor-591\" data-elementor-post-type=\"page\">\n\t\t\t\t<div class=\"elementor-element elementor-element-6eed22c6 page-title e-flex e-con-boxed e-con e-parent\" data-id=\"6eed22c6\" data-element_type=\"container\" data-e-type=\"container\" data-settings=\"{&quot;background_background&quot;:&quot;video&quot;,&quot;background_video_link&quot;:&quot;\\\/wp-content\\\/uploads\\\/2026\\\/03\\\/Particle_Wave_4K_Motion_Background_Loop-1.mp4&quot;,&quot;background_play_on_mobile&quot;:&quot;yes&quot;}\">\n\t\t\t\t\t<div class=\"e-con-inner\">\n\t\t<div class=\"elementor-background-video-container\">\n\t\t\t\t\t\t\t<video class=\"elementor-background-video-hosted\" role=\"presentation\" autoplay muted playsinline loop><\/video>\n\t\t\t\t\t<\/div>\t\t<div class=\"elementor-element elementor-element-7afb03b8 elementor-widget elementor-widget-heading\" data-id=\"7afb03b8\" data-element_type=\"widget\" data-e-type=\"widget\" data-widget_type=\"heading.default\">\n\t\t\t\t<div class=\"elementor-widget-container\">\n\t\t\t\t\t<h2 class=\"elementor-heading-title elementor-size-default\">Your career at EN-Impedanz GmbH<\/h2>\t\t\t\t<\/div>\n\t\t\t\t<\/div>\n\t\t\t\t<div class=\"elementor-element elementor-element-685327aa elementor-widget elementor-widget-global elementor-global-1440 elementor-widget-text-editor\" data-id=\"685327aa\" data-element_type=\"widget\" data-e-type=\"widget\" data-widget_type=\"text-editor.default\">\n\t\t\t\t<div class=\"elementor-widget-container\">\n\t\t\t\t\t\t\t\t\t<p><nav aria-label=\"breadcrumbs\" class=\"rank-math-breadcrumb\"><p><span class=\"last\">EN-Impedanz<\/span><\/p><\/nav><\/p>\t\t\t\t\t\t\t\t<\/div>\n\t\t\t\t<\/div>\n\t\t\t\t\t<\/div>\n\t\t\t\t<\/div>\n\t\t<div class=\"elementor-element elementor-element-840bdc0 e-flex e-con-boxed e-con e-parent\" data-id=\"840bdc0\" data-element_type=\"container\" data-e-type=\"container\">\n\t\t\t\t\t<div class=\"e-con-inner\">\n\t\t<div class=\"elementor-element elementor-element-58ad9b7 e-con-full elementor-hidden-mobile e-flex e-con e-child\" data-id=\"58ad9b7\" data-element_type=\"container\" data-e-type=\"container\">\n\t\t\t\t<div class=\"elementor-element elementor-element-a8c42d5 elementor-widget elementor-widget-image\" data-id=\"a8c42d5\" data-element_type=\"widget\" data-e-type=\"widget\" data-widget_type=\"image.default\">\n\t\t\t\t<div class=\"elementor-widget-container\">\n\t\t\t\t\t\t\t\t\t\t\t\t\t\t\t<img fetchpriority=\"high\" decoding=\"async\" width=\"800\" height=\"534\" src=\"https:\/\/temp.en-impedanz.de\/wp-content\/uploads\/2025\/10\/IMG_8485-scaled-e1760676973307-1024x683.jpg\" class=\"attachment-large size-large wp-image-3094\" alt=\"Unser Team bei EN-Impedanz\" srcset=\"https:\/\/temp.en-impedanz.de\/wp-content\/uploads\/2025\/10\/IMG_8485-scaled-e1760676973307-1024x683.jpg 1024w, https:\/\/temp.en-impedanz.de\/wp-content\/uploads\/2025\/10\/IMG_8485-scaled-e1760676973307-300x200.jpg 300w, https:\/\/temp.en-impedanz.de\/wp-content\/uploads\/2025\/10\/IMG_8485-scaled-e1760676973307-768x512.jpg 768w, https:\/\/temp.en-impedanz.de\/wp-content\/uploads\/2025\/10\/IMG_8485-scaled-e1760676973307-1536x1024.jpg 1536w, https:\/\/temp.en-impedanz.de\/wp-content\/uploads\/2025\/10\/IMG_8485-scaled-e1760676973307-2048x1366.jpg 2048w, https:\/\/temp.en-impedanz.de\/wp-content\/uploads\/2025\/10\/IMG_8485-scaled-e1760676973307-18x12.jpg 18w\" sizes=\"(max-width: 800px) 100vw, 800px\" \/>\t\t\t\t\t\t\t\t\t\t\t\t\t\t\t<\/div>\n\t\t\t\t<\/div>\n\t\t\t\t<\/div>\n\t\t<div class=\"elementor-element elementor-element-f16535c e-con-full e-flex e-con e-child\" data-id=\"f16535c\" data-element_type=\"container\" data-e-type=\"container\">\n\t\t\t\t<div class=\"elementor-element elementor-element-3b544cc elementor-widget elementor-widget-text-editor\" data-id=\"3b544cc\" data-element_type=\"widget\" data-e-type=\"widget\" data-widget_type=\"text-editor.default\">\n\t\t\t\t<div class=\"elementor-widget-container\">\n\t\t\t\t\t\t\t\t\t<p>Innovative technologies, precise engineering and a strong team - that's EN-Impedanz GmbH. We are a young, dynamic company and develop solutions that set standards worldwide. Our team is the key to our success. That's why we offer an inspiring working environment, exciting challenges and excellent development opportunities.<\/p>\t\t\t\t\t\t\t\t<\/div>\n\t\t\t\t<\/div>\n\t\t\t\t<\/div>\n\t\t\t\t\t<\/div>\n\t\t\t\t<\/div>\n\t\t<div class=\"elementor-element elementor-element-82fd7d3 e-flex e-con-boxed e-con e-parent\" data-id=\"82fd7d3\" data-element_type=\"container\" data-e-type=\"container\" data-settings=\"{&quot;background_background&quot;:&quot;classic&quot;}\">\n\t\t\t\t\t<div class=\"e-con-inner\">\n\t\t<div class=\"elementor-element elementor-element-61cb97b e-con-full e-flex e-con e-child\" data-id=\"61cb97b\" data-element_type=\"container\" data-e-type=\"container\">\n\t\t\t\t<div class=\"elementor-element elementor-element-686e9e8 elementor-widget elementor-widget-heading\" data-id=\"686e9e8\" data-element_type=\"widget\" data-e-type=\"widget\" data-widget_type=\"heading.default\">\n\t\t\t\t<div class=\"elementor-widget-container\">\n\t\t\t\t\t<h3 class=\"elementor-heading-title elementor-size-default\">Why EN-Impedanz?<\/h3>\t\t\t\t<\/div>\n\t\t\t\t<\/div>\n\t\t\t\t<div class=\"elementor-element elementor-element-6a88264 elementor-icon-list--layout-traditional elementor-list-item-link-full_width elementor-widget elementor-widget-icon-list\" data-id=\"6a88264\" data-element_type=\"widget\" data-e-type=\"widget\" data-widget_type=\"icon-list.default\">\n\t\t\t\t<div class=\"elementor-widget-container\">\n\t\t\t\t\t\t\t<ul class=\"elementor-icon-list-items\">\n\t\t\t\t\t\t\t<li class=\"elementor-icon-list-item\">\n\t\t\t\t\t\t\t\t\t\t\t<span class=\"elementor-icon-list-icon\">\n\t\t\t\t\t\t\t<svg aria-hidden=\"true\" class=\"e-font-icon-svg e-fas-check\" viewbox=\"0 0 512 512\" xmlns=\"http:\/\/www.w3.org\/2000\/svg\"><path d=\"M173.898 439.404l-166.4-166.4c-9.997-9.997-9.997-26.206 0-36.204l36.203-36.204c9.997-9.998 26.207-9.998 36.204 0L192 312.69 432.095 72.596c9.997-9.997 26.207-9.997 36.204 0l36.203 36.204c9.997 9.997 9.997 26.206 0 36.204l-294.4 294.401c-9.998 9.997-26.207 9.997-36.204-.001z\"><\/path><\/svg>\t\t\t\t\t\t<\/span>\n\t\t\t\t\t\t\t\t\t\t<span class=\"elementor-icon-list-text\"><b>Innovation power:<\/b> Work with state-of-the-art technology and actively shape the future of the industry.<\/span>\n\t\t\t\t\t\t\t\t\t<\/li>\n\t\t\t\t\t\t\t\t<li class=\"elementor-icon-list-item\">\n\t\t\t\t\t\t\t\t\t\t\t<span class=\"elementor-icon-list-icon\">\n\t\t\t\t\t\t\t<svg aria-hidden=\"true\" class=\"e-font-icon-svg e-fas-check\" viewbox=\"0 0 512 512\" xmlns=\"http:\/\/www.w3.org\/2000\/svg\"><path d=\"M173.898 439.404l-166.4-166.4c-9.997-9.997-9.997-26.206 0-36.204l36.203-36.204c9.997-9.998 26.207-9.998 36.204 0L192 312.69 432.095 72.596c9.997-9.997 26.207-9.997 36.204 0l36.203 36.204c9.997 9.997 9.997 26.206 0 36.204l-294.4 294.401c-9.998 9.997-26.207 9.997-36.204-.001z\"><\/path><\/svg>\t\t\t\t\t\t<\/span>\n\t\t\t\t\t\t\t\t\t\t<span class=\"elementor-icon-list-text\"><b>Team spirit:<\/b> We value an open and collegial corporate culture.<\/span>\n\t\t\t\t\t\t\t\t\t<\/li>\n\t\t\t\t\t\t\t\t<li class=\"elementor-icon-list-item\">\n\t\t\t\t\t\t\t\t\t\t\t<span class=\"elementor-icon-list-icon\">\n\t\t\t\t\t\t\t<svg aria-hidden=\"true\" class=\"e-font-icon-svg e-fas-check\" viewbox=\"0 0 512 512\" xmlns=\"http:\/\/www.w3.org\/2000\/svg\"><path d=\"M173.898 439.404l-166.4-166.4c-9.997-9.997-9.997-26.206 0-36.204l36.203-36.204c9.997-9.998 26.207-9.998 36.204 0L192 312.69 432.095 72.596c9.997-9.997 26.207-9.997 36.204 0l36.203 36.204c9.997 9.997 9.997 26.206 0 36.204l-294.4 294.401c-9.998 9.997-26.207 9.997-36.204-.001z\"><\/path><\/svg>\t\t\t\t\t\t<\/span>\n\t\t\t\t\t\t\t\t\t\t<span class=\"elementor-icon-list-text\"><b>Career opportunities:<\/b> We promote your personal and professional development through targeted further training.<\/span>\n\t\t\t\t\t\t\t\t\t<\/li>\n\t\t\t\t\t\t\t\t<li class=\"elementor-icon-list-item\">\n\t\t\t\t\t\t\t\t\t\t\t<span class=\"elementor-icon-list-icon\">\n\t\t\t\t\t\t\t<svg aria-hidden=\"true\" class=\"e-font-icon-svg e-fas-check\" viewbox=\"0 0 512 512\" xmlns=\"http:\/\/www.w3.org\/2000\/svg\"><path d=\"M173.898 439.404l-166.4-166.4c-9.997-9.997-9.997-26.206 0-36.204l36.203-36.204c9.997-9.998 26.207-9.998 36.204 0L192 312.69 432.095 72.596c9.997-9.997 26.207-9.997 36.204 0l36.203 36.204c9.997 9.997 9.997 26.206 0 36.204l-294.4 294.401c-9.998 9.997-26.207 9.997-36.204-.001z\"><\/path><\/svg>\t\t\t\t\t\t<\/span>\n\t\t\t\t\t\t\t\t\t\t<span class=\"elementor-icon-list-text\"><b>Security:<\/b> A stable company with long-term prospects and attractive benefits.<\/span>\n\t\t\t\t\t\t\t\t\t<\/li>\n\t\t\t\t\t\t<\/ul>\n\t\t\t\t\t\t<\/div>\n\t\t\t\t<\/div>\n\t\t\t\t<\/div>\n\t\t<div class=\"elementor-element elementor-element-b5a3661 e-con-full elementor-hidden-mobile e-flex e-con e-child\" data-id=\"b5a3661\" data-element_type=\"container\" data-e-type=\"container\">\n\t\t\t\t<div class=\"elementor-element elementor-element-3f7cc56 elementor-widget elementor-widget-image\" data-id=\"3f7cc56\" data-element_type=\"widget\" data-e-type=\"widget\" data-widget_type=\"image.default\">\n\t\t\t\t<div class=\"elementor-widget-container\">\n\t\t\t\t\t\t\t\t\t\t\t\t\t\t\t<img decoding=\"async\" width=\"800\" height=\"600\" src=\"https:\/\/temp.en-impedanz.de\/wp-content\/uploads\/2025\/10\/IMG_8502-1024x768.jpg\" class=\"attachment-large size-large wp-image-3093\" alt=\"Unser Team bei EN-Impedanz\" srcset=\"https:\/\/temp.en-impedanz.de\/wp-content\/uploads\/2025\/10\/IMG_8502-1024x768.jpg 1024w, https:\/\/temp.en-impedanz.de\/wp-content\/uploads\/2025\/10\/IMG_8502-300x225.jpg 300w, https:\/\/temp.en-impedanz.de\/wp-content\/uploads\/2025\/10\/IMG_8502-768x576.jpg 768w, https:\/\/temp.en-impedanz.de\/wp-content\/uploads\/2025\/10\/IMG_8502-1536x1152.jpg 1536w, https:\/\/temp.en-impedanz.de\/wp-content\/uploads\/2025\/10\/IMG_8502-2048x1536.jpg 2048w, https:\/\/temp.en-impedanz.de\/wp-content\/uploads\/2025\/10\/IMG_8502-16x12.jpg 16w\" sizes=\"(max-width: 800px) 100vw, 800px\" \/>\t\t\t\t\t\t\t\t\t\t\t\t\t\t\t<\/div>\n\t\t\t\t<\/div>\n\t\t\t\t<\/div>\n\t\t\t\t\t<\/div>\n\t\t\t\t<\/div>\n\t\t<div class=\"elementor-element elementor-element-dd52db5 e-grid e-con-boxed e-con e-parent\" data-id=\"dd52db5\" data-element_type=\"container\" data-e-type=\"container\">\n\t\t\t\t\t<div class=\"e-con-inner\">\n\t\t<div class=\"elementor-element elementor-element-24570fe e-con-full e-flex e-con e-child\" data-id=\"24570fe\" data-element_type=\"container\" data-e-type=\"container\">\n\t\t\t\t<div class=\"elementor-element elementor-element-c009d35 elementor-widget elementor-widget-heading\" data-id=\"c009d35\" data-element_type=\"widget\" data-e-type=\"widget\" data-widget_type=\"heading.default\">\n\t\t\t\t<div class=\"elementor-widget-container\">\n\t\t\t\t\t<h3 class=\"elementor-heading-title elementor-size-default\">Who we look for<\/h3>\t\t\t\t<\/div>\n\t\t\t\t<\/div>\n\t\t\t\t<div class=\"elementor-element elementor-element-e8fa75a elementor-widget elementor-widget-text-editor\" data-id=\"e8fa75a\" data-element_type=\"widget\" data-e-type=\"widget\" data-widget_type=\"text-editor.default\">\n\t\t\t\t<div class=\"elementor-widget-container\">\n\t\t\t\t\t\t\t\t\t<p>Are you enthusiastic about technology, solution-oriented, and want to work in a dynamic environment? Then you've come to the right place! Whether you're an engineer, technician, specialist, or career changer (m\/f\/d) \u2013 we are looking for motivated talent who want to grow with us.<\/p>\t\t\t\t\t\t\t\t<\/div>\n\t\t\t\t<\/div>\n\t\t\t\t<\/div>\n\t\t<div class=\"elementor-element elementor-element-892d5d2 e-con-full e-flex e-con e-child\" data-id=\"892d5d2\" data-element_type=\"container\" data-e-type=\"container\">\n\t\t\t\t<div class=\"elementor-element elementor-element-edf6aa8 elementor-widget elementor-widget-heading\" data-id=\"edf6aa8\" data-element_type=\"widget\" data-e-type=\"widget\" data-widget_type=\"heading.default\">\n\t\t\t\t<div class=\"elementor-widget-container\">\n\t\t\t\t\t<h3 class=\"elementor-heading-title elementor-size-default\">Your way to us<\/h3>\t\t\t\t<\/div>\n\t\t\t\t<\/div>\n\t\t\t\t<div class=\"elementor-element elementor-element-ec42e31 elementor-widget elementor-widget-text-editor\" data-id=\"ec42e31\" data-element_type=\"widget\" data-e-type=\"widget\" data-widget_type=\"text-editor.default\">\n\t\t\t\t<div class=\"elementor-widget-container\">\n\t\t\t\t\t\t\t\t\t<p>Would you like to become part of our team? Then send us your initiative application to <a href=\"mailto:info@en-impedanz.de\">info@en-impedanz.de<\/a>.<\/p><p>We look forward to getting to know you!<\/p>\t\t\t\t\t\t\t\t<\/div>\n\t\t\t\t<\/div>\n\t\t\t\t<div class=\"elementor-element elementor-element-35db3e1 elementor-widget elementor-widget-button\" data-id=\"35db3e1\" data-element_type=\"widget\" data-e-type=\"widget\" data-widget_type=\"button.default\">\n\t\t\t\t<div class=\"elementor-widget-container\">\n\t\t\t\t\t\t\t\t\t<div class=\"elementor-button-wrapper\">\n\t\t\t\t\t<a class=\"elementor-button elementor-button-link elementor-size-sm\" href=\"mailto:info@en-impedanz.de\" target=\"_blank\" rel=\"nofollow\">\n\t\t\t\t\t\t<span class=\"elementor-button-content-wrapper\">\n\t\t\t\t\t\t\t\t\t<span class=\"elementor-button-text\">Send us your application<\/span>\n\t\t\t\t\t<\/span>\n\t\t\t\t\t<\/a>\n\t\t\t\t<\/div>\n\t\t\t\t\t\t\t\t<\/div>\n\t\t\t\t<\/div>\n\t\t\t\t<\/div>\n\t\t\t\t\t<\/div>\n\t\t\t\t<\/div>\n\t\t\t\t<\/div>","protected":false},"excerpt":{"rendered":"<p>Deine Karriere bei EN-Impedanz GmbH Innovative Technologien, pr\u00e4zise Ingenieurskunst und ein starkes Team \u2013 das ist die EN-Impedanz GmbH. Wir sind ein junges, dynamisches Unternehmen und entwickeln L\u00f6sungen, die weltweit Ma\u00dfst\u00e4be setzen. Unser Team ist der Schl\u00fcssel zu unserem Erfolg. Deshalb bieten wir ein inspirierendes Arbeitsumfeld, spannende Herausforderungen und hervorragende Entwicklungsm\u00f6glichkeiten. Warum EN-Impedanz? Innovationskraft: Arbeite [&hellip;]<\/p>\n","protected":false},"author":2,"featured_media":0,"parent":54,"menu_order":0,"comment_status":"closed","ping_status":"closed","template":"","meta":{"footnotes":""},"class_list":["post-591","page","type-page","status-publish","hentry"],"_links":{"self":[{"href":"https:\/\/temp.en-impedanz.de\/en\/wp-json\/wp\/v2\/pages\/591","targetHints":{"allow":["GET"]}}],"collection":[{"href":"https:\/\/temp.en-impedanz.de\/en\/wp-json\/wp\/v2\/pages"}],"about":[{"href":"https:\/\/temp.en-impedanz.de\/en\/wp-json\/wp\/v2\/types\/page"}],"author":[{"embeddable":true,"href":"https:\/\/temp.en-impedanz.de\/en\/wp-json\/wp\/v2\/users\/2"}],"replies":[{"embeddable":true,"href":"https:\/\/temp.en-impedanz.de\/en\/wp-json\/wp\/v2\/comments?post=591"}],"version-history":[{"count":191,"href":"https:\/\/temp.en-impedanz.de\/en\/wp-json\/wp\/v2\/pages\/591\/revisions"}],"predecessor-version":[{"id":3865,"href":"https:\/\/temp.en-impedanz.de\/en\/wp-json\/wp\/v2\/pages\/591\/revisions\/3865"}],"up":[{"embeddable":true,"href":"https:\/\/temp.en-impedanz.de\/en\/wp-json\/wp\/v2\/pages\/54"}],"wp:attachment":[{"href":"https:\/\/temp.en-impedanz.de\/en\/wp-json\/wp\/v2\/media?parent=591"}],"curies":[{"name":"wp","href":"https:\/\/api.w.org\/{rel}","templated":true}]}}